{"id":38,"date":"2025-04-13T10:09:17","date_gmt":"2025-04-13T10:09:17","guid":{"rendered":"https:\/\/www.xn--vrikonsulttianna-vnb.fi\/?page_id=38"},"modified":"2026-01-30T11:11:48","modified_gmt":"2026-01-30T11:11:48","slug":"etusivu","status":"publish","type":"page","link":"http:\/\/www.xn--vrikonsulttianna-vnb.fi\/","title":{"rendered":"Etusivu"},"content":{"rendered":"\n<p>12 &#8211; jaollinen v\u00e4rianalyysi Joensuussa. Opi hy\u00f6dynt\u00e4m\u00e4\u00e4n v\u00e4rianalyysia ja sinua parhaiten pukevia v\u00e4rej\u00e4 pukeutumisen ty\u00f6kaluna.<\/p>\n","protected":false},"excerpt":{"rendered":"<p>12 &#8211; jaollinen v\u00e4rianalyysi Joensuussa. Opi hy\u00f6dynt\u00e4m\u00e4\u00e4n v\u00e4rianalyysia ja sinua parhaiten pukevia v\u00e4rej\u00e4 pukeutumisen ty\u00f6kaluna.<\/p>\n","protected":false},"author":1,"featured_media":0,"parent":0,"menu_order":0,"comment_status":"closed","ping_status":"closed","template":"","meta":{"footnotes":""},"class_list":["post-38","page","type-page","status-publish","hentry"],"yoast_head":"<!-- This site is optimized with the Yoast SEO plugin v27.4 - https:\/\/yoast.com\/product\/yoast-seo-wordpress\/ -->\n<title>V\u00e4rikonsultti Anna - V\u00e4rianalyysi Joensuu<\/title>\n<meta name=\"description\" content=\"12-jaollinen v\u00e4rianalyysi Joensuussa. Etsit\u00e4\u00e4n yhdess\u00e4 sinua luonnollisesti pukevat v\u00e4rit niin pukeutumiseen, meikkiin kuin hiuksiin.\" \/>\n<meta name=\"robots\" content=\"index, follow, max-snippet:-1, max-image-preview:large, max-video-preview:-1\" \/>\n<link rel=\"canonical\" href=\"https:\/\/www.xn--vrikonsulttianna-vnb.fi\/\" \/>\n<meta property=\"og:locale\" content=\"fi_FI\" \/>\n<meta property=\"og:type\" content=\"article\" \/>\n<meta property=\"og:title\" content=\"V\u00e4rikonsultti Anna - V\u00e4rianalyysi Joensuu\" \/>\n<meta property=\"og:description\" content=\"12-jaollinen v\u00e4rianalyysi Joensuussa. Etsit\u00e4\u00e4n yhdess\u00e4 sinua luonnollisesti pukevat v\u00e4rit niin pukeutumiseen, meikkiin kuin hiuksiin.\" \/>\n<meta property=\"og:url\" content=\"https:\/\/www.xn--vrikonsulttianna-vnb.fi\/\" \/>\n<meta property=\"og:site_name\" content=\"V&auml;rikonsultti Anna\" \/>\n<meta property=\"article:publisher\" content=\"https:\/\/www.facebook.com\/people\/Vrikonsultti-Anna\/61561488390861\/\" \/>\n<meta property=\"article:modified_time\" content=\"2026-01-30T11:11:48+00:00\" \/>\n<meta property=\"og:image\" content=\"http:\/\/www.xn--vrikonsulttianna-vnb.fi\/wp-content\/uploads\/2026\/01\/P1011298-scaled.jpg\" \/>\n\t<meta property=\"og:image:width\" content=\"1707\" \/>\n\t<meta property=\"og:image:height\" content=\"2560\" \/>\n\t<meta property=\"og:image:type\" content=\"image\/jpeg\" \/>\n<meta name=\"twitter:card\" content=\"summary_large_image\" \/>\n<meta name=\"twitter:label1\" content=\"Arvioitu lukuaika\" \/>\n\t<meta name=\"twitter:data1\" content=\"1 minuutti\" \/>\n<script type=\"application\/ld+json\" class=\"yoast-schema-graph\">{\"@context\":\"https:\\\/\\\/schema.org\",\"@graph\":[{\"@type\":\"WebPage\",\"@id\":\"https:\\\/\\\/www.xn--vrikonsulttianna-vnb.fi\\\/\",\"url\":\"https:\\\/\\\/www.xn--vrikonsulttianna-vnb.fi\\\/\",\"name\":\"V\u00e4rikonsultti Anna - V\u00e4rianalyysi Joensuu\",\"isPartOf\":{\"@id\":\"https:\\\/\\\/www.xn--vrikonsulttianna-vnb.fi\\\/#website\"},\"datePublished\":\"2025-04-13T10:09:17+00:00\",\"dateModified\":\"2026-01-30T11:11:48+00:00\",\"description\":\"12-jaollinen v\u00e4rianalyysi Joensuussa. Etsit\u00e4\u00e4n yhdess\u00e4 sinua luonnollisesti pukevat v\u00e4rit niin pukeutumiseen, meikkiin kuin hiuksiin.\",\"breadcrumb\":{\"@id\":\"https:\\\/\\\/www.xn--vrikonsulttianna-vnb.fi\\\/#breadcrumb\"},\"inLanguage\":\"fi\",\"potentialAction\":[{\"@type\":\"ReadAction\",\"target\":[\"https:\\\/\\\/www.xn--vrikonsulttianna-vnb.fi\\\/\"]}]},{\"@type\":\"BreadcrumbList\",\"@id\":\"https:\\\/\\\/www.xn--vrikonsulttianna-vnb.fi\\\/#breadcrumb\",\"itemListElement\":[{\"@type\":\"ListItem\",\"position\":1,\"name\":\"Etusivu\",\"item\":\"https:\\\/\\\/www.xn--vrikonsulttianna-vnb.fi\\\/\"},{\"@type\":\"ListItem\",\"position\":2,\"name\":\"Etusivu\"}]},{\"@type\":\"WebSite\",\"@id\":\"https:\\\/\\\/www.xn--vrikonsulttianna-vnb.fi\\\/#website\",\"url\":\"https:\\\/\\\/www.xn--vrikonsulttianna-vnb.fi\\\/\",\"name\":\"V\u00e4rikonsultti Anna\",\"description\":\"V&auml;rianalyysi Joensuu\",\"publisher\":{\"@id\":\"https:\\\/\\\/www.xn--vrikonsulttianna-vnb.fi\\\/#organization\"},\"alternateName\":\"V\u00e4rikonsultti Anna - V\u00e4rianalyysi Joensuu\",\"potentialAction\":[{\"@type\":\"SearchAction\",\"target\":{\"@type\":\"EntryPoint\",\"urlTemplate\":\"https:\\\/\\\/www.xn--vrikonsulttianna-vnb.fi\\\/?s={search_term_string}\"},\"query-input\":{\"@type\":\"PropertyValueSpecification\",\"valueRequired\":true,\"valueName\":\"search_term_string\"}}],\"inLanguage\":\"fi\"},{\"@type\":\"Organization\",\"@id\":\"https:\\\/\\\/www.xn--vrikonsulttianna-vnb.fi\\\/#organization\",\"name\":\"V\u00e4rikonsultti Anna\",\"alternateName\":\"V\u00e4rikonsultti Anna - V\u00e4rianalyysi Joensuu\",\"url\":\"https:\\\/\\\/www.xn--vrikonsulttianna-vnb.fi\\\/\",\"logo\":{\"@type\":\"ImageObject\",\"inLanguage\":\"fi\",\"@id\":\"https:\\\/\\\/www.xn--vrikonsulttianna-vnb.fi\\\/#\\\/schema\\\/logo\\\/image\\\/\",\"url\":\"https:\\\/\\\/www.xn--vrikonsulttianna-vnb.fi\\\/wp-content\\\/uploads\\\/2026\\\/01\\\/P1011298-scaled.jpg\",\"contentUrl\":\"https:\\\/\\\/www.xn--vrikonsulttianna-vnb.fi\\\/wp-content\\\/uploads\\\/2026\\\/01\\\/P1011298-scaled.jpg\",\"width\":1707,\"height\":2560,\"caption\":\"V\u00e4rikonsultti Anna\"},\"image\":{\"@id\":\"https:\\\/\\\/www.xn--vrikonsulttianna-vnb.fi\\\/#\\\/schema\\\/logo\\\/image\\\/\"},\"sameAs\":[\"https:\\\/\\\/www.facebook.com\\\/people\\\/Vrikonsultti-Anna\\\/61561488390861\\\/\",\"https:\\\/\\\/www.instagram.com\\\/varikonsultti_anna\\\/\"]}]}<\/script>\n<!-- \/ Yoast SEO plugin. -->","yoast_head_json":{"title":"V\u00e4rikonsultti Anna - V\u00e4rianalyysi Joensuu","description":"12-jaollinen v\u00e4rianalyysi Joensuussa. Etsit\u00e4\u00e4n yhdess\u00e4 sinua luonnollisesti pukevat v\u00e4rit niin pukeutumiseen, meikkiin kuin hiuksiin.","robots":{"index":"index","follow":"follow","max-snippet":"max-snippet:-1","max-image-preview":"max-image-preview:large","max-video-preview":"max-video-preview:-1"},"canonical":"https:\/\/www.xn--vrikonsulttianna-vnb.fi\/","og_locale":"fi_FI","og_type":"article","og_title":"V\u00e4rikonsultti Anna - V\u00e4rianalyysi Joensuu","og_description":"12-jaollinen v\u00e4rianalyysi Joensuussa. Etsit\u00e4\u00e4n yhdess\u00e4 sinua luonnollisesti pukevat v\u00e4rit niin pukeutumiseen, meikkiin kuin hiuksiin.","og_url":"https:\/\/www.xn--vrikonsulttianna-vnb.fi\/","og_site_name":"V&auml;rikonsultti Anna","article_publisher":"https:\/\/www.facebook.com\/people\/Vrikonsultti-Anna\/61561488390861\/","article_modified_time":"2026-01-30T11:11:48+00:00","og_image":[{"width":1707,"height":2560,"url":"http:\/\/www.xn--vrikonsulttianna-vnb.fi\/wp-content\/uploads\/2026\/01\/P1011298-scaled.jpg","type":"image\/jpeg"}],"twitter_card":"summary_large_image","twitter_misc":{"Arvioitu lukuaika":"1 minuutti"},"schema":{"@context":"https:\/\/schema.org","@graph":[{"@type":"WebPage","@id":"https:\/\/www.xn--vrikonsulttianna-vnb.fi\/","url":"https:\/\/www.xn--vrikonsulttianna-vnb.fi\/","name":"V\u00e4rikonsultti Anna - V\u00e4rianalyysi Joensuu","isPartOf":{"@id":"https:\/\/www.xn--vrikonsulttianna-vnb.fi\/#website"},"datePublished":"2025-04-13T10:09:17+00:00","dateModified":"2026-01-30T11:11:48+00:00","description":"12-jaollinen v\u00e4rianalyysi Joensuussa. Etsit\u00e4\u00e4n yhdess\u00e4 sinua luonnollisesti pukevat v\u00e4rit niin pukeutumiseen, meikkiin kuin hiuksiin.","breadcrumb":{"@id":"https:\/\/www.xn--vrikonsulttianna-vnb.fi\/#breadcrumb"},"inLanguage":"fi","potentialAction":[{"@type":"ReadAction","target":["https:\/\/www.xn--vrikonsulttianna-vnb.fi\/"]}]},{"@type":"BreadcrumbList","@id":"https:\/\/www.xn--vrikonsulttianna-vnb.fi\/#breadcrumb","itemListElement":[{"@type":"ListItem","position":1,"name":"Etusivu","item":"https:\/\/www.xn--vrikonsulttianna-vnb.fi\/"},{"@type":"ListItem","position":2,"name":"Etusivu"}]},{"@type":"WebSite","@id":"https:\/\/www.xn--vrikonsulttianna-vnb.fi\/#website","url":"https:\/\/www.xn--vrikonsulttianna-vnb.fi\/","name":"V\u00e4rikonsultti Anna","description":"V&auml;rianalyysi Joensuu","publisher":{"@id":"https:\/\/www.xn--vrikonsulttianna-vnb.fi\/#organization"},"alternateName":"V\u00e4rikonsultti Anna - V\u00e4rianalyysi Joensuu","potentialAction":[{"@type":"SearchAction","target":{"@type":"EntryPoint","urlTemplate":"https:\/\/www.xn--vrikonsulttianna-vnb.fi\/?s={search_term_string}"},"query-input":{"@type":"PropertyValueSpecification","valueRequired":true,"valueName":"search_term_string"}}],"inLanguage":"fi"},{"@type":"Organization","@id":"https:\/\/www.xn--vrikonsulttianna-vnb.fi\/#organization","name":"V\u00e4rikonsultti Anna","alternateName":"V\u00e4rikonsultti Anna - V\u00e4rianalyysi Joensuu","url":"https:\/\/www.xn--vrikonsulttianna-vnb.fi\/","logo":{"@type":"ImageObject","inLanguage":"fi","@id":"https:\/\/www.xn--vrikonsulttianna-vnb.fi\/#\/schema\/logo\/image\/","url":"https:\/\/www.xn--vrikonsulttianna-vnb.fi\/wp-content\/uploads\/2026\/01\/P1011298-scaled.jpg","contentUrl":"https:\/\/www.xn--vrikonsulttianna-vnb.fi\/wp-content\/uploads\/2026\/01\/P1011298-scaled.jpg","width":1707,"height":2560,"caption":"V\u00e4rikonsultti Anna"},"image":{"@id":"https:\/\/www.xn--vrikonsulttianna-vnb.fi\/#\/schema\/logo\/image\/"},"sameAs":["https:\/\/www.facebook.com\/people\/Vrikonsultti-Anna\/61561488390861\/","https:\/\/www.instagram.com\/varikonsultti_anna\/"]}]}},"_links":{"self":[{"href":"http:\/\/www.xn--vrikonsulttianna-vnb.fi\/wp-json\/wp\/v2\/pages\/38","targetHints":{"allow":["GET"]}}],"collection":[{"href":"http:\/\/www.xn--vrikonsulttianna-vnb.fi\/wp-json\/wp\/v2\/pages"}],"about":[{"href":"http:\/\/www.xn--vrikonsulttianna-vnb.fi\/wp-json\/wp\/v2\/types\/page"}],"author":[{"embeddable":true,"href":"http:\/\/www.xn--vrikonsulttianna-vnb.fi\/wp-json\/wp\/v2\/users\/1"}],"replies":[{"embeddable":true,"href":"http:\/\/www.xn--vrikonsulttianna-vnb.fi\/wp-json\/wp\/v2\/comments?post=38"}],"version-history":[{"count":2,"href":"http:\/\/www.xn--vrikonsulttianna-vnb.fi\/wp-json\/wp\/v2\/pages\/38\/revisions"}],"predecessor-version":[{"id":449,"href":"http:\/\/www.xn--vrikonsulttianna-vnb.fi\/wp-json\/wp\/v2\/pages\/38\/revisions\/449"}],"wp:attachment":[{"href":"http:\/\/www.xn--vrikonsulttianna-vnb.fi\/wp-json\/wp\/v2\/media?parent=38"}],"curies":[{"name":"wp","href":"https:\/\/api.w.org\/{rel}","templated":true}]}}